{"id":2204,"date":"2023-11-03T15:19:30","date_gmt":"2023-11-03T13:19:30","guid":{"rendered":"https:\/\/interak.cluster027.hosting.ovh.net\/?page_id=2204"},"modified":"2025-06-05T16:12:53","modified_gmt":"2025-06-05T14:12:53","slug":"travaux-sur-cordes-2","status":"publish","type":"page","link":"https:\/\/interatis.eu\/en\/travaux-sur-cordes-2\/","title":{"rendered":"Rope"},"content":{"rendered":"<div data-elementor-type=\"wp-page\" data-elementor-id=\"2204\" class=\"elementor elementor-2204\" data-elementor-post-type=\"page\">\n\t\t\t\t\t\t<section class=\"elementor-section elementor-top-section elementor-element elementor-element-703809b elementor-section-boxed elementor-section-height-default elementor-section-height-default\" data-id=\"703809b\" data-element_type=\"section\" data-e-type=\"section\" data-settings=\"{&quot;background_background&quot;:&quot;classic&quot;}\">\n\t\t\t\t\t\t<div class=\"elementor-container elementor-column-gap-default\">\n\t\t\t\t\t<div class=\"elementor-column elementor-col-50 elementor-top-column elementor-element elementor-element-6ee7208\" data-id=\"6ee7208\" data-element_type=\"column\" data-e-type=\"column\" data-settings=\"{&quot;background_background&quot;:&quot;classic&quot;}\">\n\t\t\t<div class=\"elementor-widget-wrap elementor-element-populated\">\n\t\t\t\t\t<div class=\"elementor-background-overlay\"><\/div>\n\t\t\t\t\t\t<div class=\"elementor-element elementor-element-390af41 elementor-widget elementor-widget-image\" data-id=\"390af41\" data-element_type=\"widget\" data-e-type=\"widget\" data-widget_type=\"image.default\">\n\t\t\t\t<div class=\"elementor-widget-container\">\n\t\t\t\t\t\t\t\t\t\t\t\t\t\t\t<img fetchpriority=\"high\" decoding=\"async\" width=\"2048\" height=\"1365\" src=\"https:\/\/interatis.eu\/wp-content\/uploads\/2023\/10\/AdobeStock_445488281-2048x1365.jpeg\" class=\"attachment-2048x2048 size-2048x2048 wp-image-2087\" alt=\"\" srcset=\"https:\/\/interatis.eu\/wp-content\/uploads\/2023\/10\/AdobeStock_445488281-2048x1365.jpeg 2048w, https:\/\/interatis.eu\/wp-content\/uploads\/2023\/10\/AdobeStock_445488281-300x200.jpeg 300w, https:\/\/interatis.eu\/wp-content\/uploads\/2023\/10\/AdobeStock_445488281-1024x683.jpeg 1024w, https:\/\/interatis.eu\/wp-content\/uploads\/2023\/10\/AdobeStock_445488281-768x512.jpeg 768w, https:\/\/interatis.eu\/wp-content\/uploads\/2023\/10\/AdobeStock_445488281-1536x1024.jpeg 1536w, https:\/\/interatis.eu\/wp-content\/uploads\/2023\/10\/AdobeStock_445488281-18x12.jpeg 18w\" sizes=\"(max-width: 2048px) 100vw, 2048px\" \/>\t\t\t\t\t\t\t\t\t\t\t\t\t\t\t<\/div>\n\t\t\t\t<\/div>\n\t\t\t\t\t<\/div>\n\t\t<\/div>\n\t\t\t\t<div class=\"elementor-column elementor-col-50 elementor-top-column elementor-element elementor-element-93cdef7\" data-id=\"93cdef7\" data-element_type=\"column\" data-e-type=\"column\">\n\t\t\t<div class=\"elementor-widget-wrap elementor-element-populated\">\n\t\t\t\t\t\t<div class=\"elementor-element elementor-element-215394e elementor-widget elementor-widget-heading\" data-id=\"215394e\" data-element_type=\"widget\" data-e-type=\"widget\" data-widget_type=\"heading.default\">\n\t\t\t\t<div class=\"elementor-widget-container\">\n\t\t\t\t\t<h1 class=\"elementor-heading-title elementor-size-default\">Rope <br>\nAccess<\/h1>\t\t\t\t<\/div>\n\t\t\t\t<\/div>\n\t\t\t\t<div class=\"elementor-element elementor-element-41fa254 elementor-widget__width-initial elementor-widget elementor-widget-heading\" data-id=\"41fa254\" data-element_type=\"widget\" data-e-type=\"widget\" data-widget_type=\"heading.default\">\n\t\t\t\t<div class=\"elementor-widget-container\">\n\t\t\t\t\t<h2 class=\"elementor-heading-title elementor-size-default\">Our services<\/h2>\t\t\t\t<\/div>\n\t\t\t\t<\/div>\n\t\t\t\t<div class=\"elementor-element elementor-element-1a5efff elementor-widget-divider--view-line elementor-widget elementor-widget-divider\" data-id=\"1a5efff\" data-element_type=\"widget\" data-e-type=\"widget\" data-widget_type=\"divider.default\">\n\t\t\t\t<div class=\"elementor-widget-container\">\n\t\t\t\t\t\t\t<div class=\"elementor-divider\">\n\t\t\t<span class=\"elementor-divider-separator\">\n\t\t\t\t\t\t<\/span>\n\t\t<\/div>\n\t\t\t\t\t\t<\/div>\n\t\t\t\t<\/div>\n\t\t\t\t<div class=\"elementor-element elementor-element-77e2e34 elementor-widget__width-initial elementor-widget elementor-widget-text-editor\" data-id=\"77e2e34\" data-element_type=\"widget\" data-e-type=\"widget\" data-widget_type=\"text-editor.default\">\n\t\t\t\t<div class=\"elementor-widget-container\">\n\t\t\t\t\t\t\t\t\t<p><span id=\"page220R_mcid92\" class=\"markedContent\"><span dir=\"ltr\" role=\"presentation\">Use of progression techniques on <\/span><\/span><span id=\"page220R_mcid93\" class=\"markedContent\"><span dir=\"ltr\" role=\"presentation\">next strings <strong>the IRATA standard <\/strong><\/span><\/span><span id=\"page220R_mcid94\" class=\"markedContent\"><span dir=\"ltr\" role=\"presentation\">International :<\/span><\/span><span id=\"page220R_mcid95\" class=\"markedContent\"><\/span><\/p><p><span id=\"page220R_mcid95\" class=\"markedContent\"><br role=\"presentation\" \/><span dir=\"ltr\" role=\"presentation\">\u2022<\/span><\/span><span id=\"page220R_mcid96\" class=\"markedContent\"> <span dir=\"ltr\" role=\"presentation\">Maintenance and painting work<\/span><\/span><span id=\"page220R_mcid97\" class=\"markedContent\"><br role=\"presentation\" \/><span dir=\"ltr\" role=\"presentation\">\u2022<\/span><\/span><span id=\"page220R_mcid98\" class=\"markedContent\"> <span dir=\"ltr\" role=\"presentation\">Visual inspection<\/span><\/span><span id=\"page220R_mcid99\" class=\"markedContent\"><br role=\"presentation\" \/><span dir=\"ltr\" role=\"presentation\">\u2022<\/span><\/span><span id=\"page220R_mcid100\" class=\"markedContent\"> <span dir=\"ltr\" role=\"presentation\">Carrying out non-destructive testing <\/span><\/span><span id=\"page220R_mcid101\" class=\"markedContent\"><span dir=\"ltr\" role=\"presentation\">(C.F.<\/span><\/span><span id=\"page220R_mcid102\" class=\"markedContent\"><span dir=\"ltr\" role=\"presentation\">&#8211;<\/span><\/span><span id=\"page220R_mcid103\" class=\"markedContent\"><span dir=\"ltr\" role=\"presentation\">P.T.<\/span><\/span><span id=\"page220R_mcid104\" class=\"markedContent\"><span dir=\"ltr\" role=\"presentation\">&#8211;<\/span><\/span><span id=\"page220R_mcid105\" class=\"markedContent\"><span dir=\"ltr\" role=\"presentation\">TM<\/span><\/span><span id=\"page220R_mcid106\" class=\"markedContent\"><span dir=\"ltr\" role=\"presentation\">&#8211;<\/span><\/span><span id=\"page220R_mcid107\" class=\"markedContent\"><span dir=\"ltr\" role=\"presentation\">UT<\/span><\/span><span id=\"page220R_mcid108\" class=\"markedContent\"><span dir=\"ltr\" role=\"presentation\">&#8211;<\/span><\/span><span id=\"page220R_mcid109\" class=\"markedContent\"><span dir=\"ltr\" role=\"presentation\">ACFM)<\/span><\/span><\/p>\t\t\t\t\t\t\t\t<\/div>\n\t\t\t\t<\/div>\n\t\t\t\t<div class=\"elementor-element elementor-element-5edc74d elementor-align-left btn-secondary-atis btn-atis elementor-tablet-align-center elementor-mobile-align-justify elementor-widget elementor-widget-button\" data-id=\"5edc74d\" data-element_type=\"widget\" data-e-type=\"widget\" data-widget_type=\"button.default\">\n\t\t\t\t<div class=\"elementor-widget-container\">\n\t\t\t\t\t\t\t\t\t<div class=\"elementor-button-wrapper\">\n\t\t\t\t\t<a class=\"elementor-button elementor-button-link elementor-size-sm\" href=\"https:\/\/interatis.eu\/en\/nos-implantations\/\">\n\t\t\t\t\t\t<span class=\"elementor-button-content-wrapper\">\n\t\t\t\t\t\t<span class=\"elementor-button-icon\">\n\t\t\t\t<svg xmlns=\"http:\/\/www.w3.org\/2000\/svg\" width=\"27\" height=\"27\" viewbox=\"0 0 27 27\" fill=\"none\"><path d=\"M17.3433 18.5654L19.5833 16.3254C19.885 16.0274 20.2667 15.8234 20.6821 15.7382C21.0975 15.653 21.5287 15.6903 21.9233 15.8454L24.6533 16.9354C25.0521 17.0972 25.3941 17.3736 25.6361 17.7295C25.8781 18.0854 26.0094 18.505 26.0133 18.9354V23.9354C26.011 24.2281 25.9494 24.5174 25.8324 24.7858C25.7153 25.0542 25.5452 25.2961 25.3321 25.4969C25.1191 25.6978 24.8677 25.8535 24.5929 25.9546C24.3181 26.0557 24.0257 26.1002 23.7333 26.0854C4.60332 24.8954 0.743317 8.69537 0.0133175 2.49537C-0.0205696 2.1909 0.0103921 1.88272 0.104166 1.59108C0.197939 1.29944 0.352399 1.03096 0.557385 0.803304C0.76237 0.575648 1.01323 0.393973 1.29348 0.270232C1.57372 0.146491 1.87698 0.083488 2.18332 0.085368H7.01332C7.44433 0.0866438 7.8651 0.216835 8.22151 0.459197C8.57793 0.701559 8.85369 1.04501 9.01332 1.44537L10.1033 4.17537C10.2636 4.56844 10.3045 5.00001 10.2209 5.41618C10.1373 5.83235 9.93292 6.21466 9.63332 6.51537L7.39332 8.75537C7.39332 8.75537 8.68332 17.4854 17.3433 18.5654Z\" fill=\"white\"><\/path><\/svg>\t\t\t<\/span>\n\t\t\t\t\t\t\t\t\t<span class=\"elementor-button-text\">Contact us<\/span>\n\t\t\t\t\t<\/span>\n\t\t\t\t\t<\/a>\n\t\t\t\t<\/div>\n\t\t\t\t\t\t\t\t<\/div>\n\t\t\t\t<\/div>\n\t\t\t\t\t<\/div>\n\t\t<\/div>\n\t\t\t\t\t<\/div>\n\t\t<\/section>\n\t\t\t\t<section class=\"elementor-section elementor-top-section elementor-element elementor-element-7658827 elementor-section-boxed elementor-section-height-default elementor-section-height-default\" data-id=\"7658827\" data-element_type=\"section\" data-e-type=\"section\" data-settings=\"{&quot;background_background&quot;:&quot;classic&quot;}\">\n\t\t\t\t\t\t<div class=\"elementor-container elementor-column-gap-default\">\n\t\t\t\t\t<div class=\"elementor-column elementor-col-50 elementor-top-column elementor-element elementor-element-623d976\" data-id=\"623d976\" data-element_type=\"column\" data-e-type=\"column\">\n\t\t\t<div class=\"elementor-widget-wrap elementor-element-populated\">\n\t\t\t\t\t\t<div class=\"elementor-element elementor-element-f09733e elementor-widget elementor-widget-heading\" data-id=\"f09733e\" data-element_type=\"widget\" data-e-type=\"widget\" data-widget_type=\"heading.default\">\n\t\t\t\t<div class=\"elementor-widget-container\">\n\t\t\t\t\t<h2 class=\"elementor-heading-title elementor-size-default\">Our rope access technicians <\/h2>\t\t\t\t<\/div>\n\t\t\t\t<\/div>\n\t\t\t\t<div class=\"elementor-element elementor-element-5e3f044 elementor-widget-divider--view-line elementor-widget elementor-widget-divider\" data-id=\"5e3f044\" data-element_type=\"widget\" data-e-type=\"widget\" data-widget_type=\"divider.default\">\n\t\t\t\t<div class=\"elementor-widget-container\">\n\t\t\t\t\t\t\t<div class=\"elementor-divider\">\n\t\t\t<span class=\"elementor-divider-separator\">\n\t\t\t\t\t\t<\/span>\n\t\t<\/div>\n\t\t\t\t\t\t<\/div>\n\t\t\t\t<\/div>\n\t\t\t\t<div class=\"elementor-element elementor-element-cae9e12 elementor-widget__width-initial elementor-widget elementor-widget-text-editor\" data-id=\"cae9e12\" data-element_type=\"widget\" data-e-type=\"widget\" data-widget_type=\"text-editor.default\">\n\t\t\t\t<div class=\"elementor-widget-container\">\n\t\t\t\t\t\t\t\t\t<p>Master the <b>techniques and practices of the rope access activity<\/b> is fundamental to successfully carrying out rope operations. <br><\/p><p><br><\/p>\n<p><\/p>\n<p>Our staff is <b>authorized<\/b> to carry out all types of work on ropes and at height, in complete safety.<\/p><p><br><\/p>\n<p><\/p>\n<p>Passionate about their profession, the members of <b>the Inspection team<\/b> will be able to find an effective method of operation to solve your problems. <br><\/p><p><br><\/p>\t\t\t\t\t\t\t\t<\/div>\n\t\t\t\t<\/div>\n\t\t\t\t<div class=\"elementor-element elementor-element-27199616 elementor-align-left btn-secondary-atis btn-atis elementor-tablet-align-center elementor-mobile-align-justify elementor-widget elementor-widget-button\" data-id=\"27199616\" data-element_type=\"widget\" data-e-type=\"widget\" data-widget_type=\"button.default\">\n\t\t\t\t<div class=\"elementor-widget-container\">\n\t\t\t\t\t\t\t\t\t<div class=\"elementor-button-wrapper\">\n\t\t\t\t\t<a class=\"elementor-button elementor-button-link elementor-size-sm\" href=\"https:\/\/interatis.eu\/en\/nos-implantations\/\">\n\t\t\t\t\t\t<span class=\"elementor-button-content-wrapper\">\n\t\t\t\t\t\t<span class=\"elementor-button-icon\">\n\t\t\t\t<svg xmlns=\"http:\/\/www.w3.org\/2000\/svg\" width=\"27\" height=\"27\" viewbox=\"0 0 27 27\" fill=\"none\"><path d=\"M17.3433 18.5654L19.5833 16.3254C19.885 16.0274 20.2667 15.8234 20.6821 15.7382C21.0975 15.653 21.5287 15.6903 21.9233 15.8454L24.6533 16.9354C25.0521 17.0972 25.3941 17.3736 25.6361 17.7295C25.8781 18.0854 26.0094 18.505 26.0133 18.9354V23.9354C26.011 24.2281 25.9494 24.5174 25.8324 24.7858C25.7153 25.0542 25.5452 25.2961 25.3321 25.4969C25.1191 25.6978 24.8677 25.8535 24.5929 25.9546C24.3181 26.0557 24.0257 26.1002 23.7333 26.0854C4.60332 24.8954 0.743317 8.69537 0.0133175 2.49537C-0.0205696 2.1909 0.0103921 1.88272 0.104166 1.59108C0.197939 1.29944 0.352399 1.03096 0.557385 0.803304C0.76237 0.575648 1.01323 0.393973 1.29348 0.270232C1.57372 0.146491 1.87698 0.083488 2.18332 0.085368H7.01332C7.44433 0.0866438 7.8651 0.216835 8.22151 0.459197C8.57793 0.701559 8.85369 1.04501 9.01332 1.44537L10.1033 4.17537C10.2636 4.56844 10.3045 5.00001 10.2209 5.41618C10.1373 5.83235 9.93292 6.21466 9.63332 6.51537L7.39332 8.75537C7.39332 8.75537 8.68332 17.4854 17.3433 18.5654Z\" fill=\"white\"><\/path><\/svg>\t\t\t<\/span>\n\t\t\t\t\t\t\t\t\t<span class=\"elementor-button-text\">Contact us<\/span>\n\t\t\t\t\t<\/span>\n\t\t\t\t\t<\/a>\n\t\t\t\t<\/div>\n\t\t\t\t\t\t\t\t<\/div>\n\t\t\t\t<\/div>\n\t\t\t\t\t<\/div>\n\t\t<\/div>\n\t\t\t\t<div class=\"elementor-column elementor-col-50 elementor-top-column elementor-element elementor-element-de38b8b\" data-id=\"de38b8b\" data-element_type=\"column\" data-e-type=\"column\">\n\t\t\t<div class=\"elementor-widget-wrap elementor-element-populated\">\n\t\t\t\t\t\t<div class=\"elementor-element elementor-element-bd29482 elementor-widget elementor-widget-image\" data-id=\"bd29482\" data-element_type=\"widget\" data-e-type=\"widget\" data-widget_type=\"image.default\">\n\t\t\t\t<div class=\"elementor-widget-container\">\n\t\t\t\t\t\t\t\t\t\t\t\t\t\t\t<img decoding=\"async\" width=\"800\" height=\"448\" src=\"https:\/\/interatis.eu\/wp-content\/uploads\/2023\/10\/AdobeStock_604121367-1024x574.jpeg\" class=\"attachment-large size-large wp-image-2093\" alt=\"\" srcset=\"https:\/\/interatis.eu\/wp-content\/uploads\/2023\/10\/AdobeStock_604121367-1024x574.jpeg 1024w, https:\/\/interatis.eu\/wp-content\/uploads\/2023\/10\/AdobeStock_604121367-300x168.jpeg 300w, https:\/\/interatis.eu\/wp-content\/uploads\/2023\/10\/AdobeStock_604121367-768x430.jpeg 768w, https:\/\/interatis.eu\/wp-content\/uploads\/2023\/10\/AdobeStock_604121367-1536x861.jpeg 1536w, https:\/\/interatis.eu\/wp-content\/uploads\/2023\/10\/AdobeStock_604121367-2048x1148.jpeg 2048w, https:\/\/interatis.eu\/wp-content\/uploads\/2023\/10\/AdobeStock_604121367-18x10.jpeg 18w\" sizes=\"(max-width: 800px) 100vw, 800px\" \/>\t\t\t\t\t\t\t\t\t\t\t\t\t\t\t<\/div>\n\t\t\t\t<\/div>\n\t\t\t\t\t<\/div>\n\t\t<\/div>\n\t\t\t\t\t<\/div>\n\t\t<\/section>\n\t\t\t\t<\/div>","protected":false},"excerpt":{"rendered":"<p>Travaux sur cordes Grande hauteur Nos services Utilisation des techniques de progression sur cordes suivant le standard IRATA International : \u2022 Travaux de maintenance et de peinture\u2022 Inspection visuelle\u2022 R\u00e9alisation de contr\u00f4le non destructif (CF-PT-MT-UT-ACFM) Nous contacter Nos cordistes Ma\u00eetriser les techniques et les pratiques de l\u2019activit\u00e9 de cordiste est fondamental pour mener \u00e0 bien [&hellip;]<\/p>\n","protected":false},"author":2,"featured_media":0,"parent":0,"menu_order":0,"comment_status":"closed","ping_status":"closed","template":"","meta":{"_acf_changed":false,"footnotes":""},"class_list":["post-2204","page","type-page","status-publish","hentry"],"acf":[],"yoast_head":"<!-- This site is optimized with the Yoast SEO plugin v27.4 - https:\/\/yoast.com\/product\/yoast-seo-wordpress\/ -->\n<title>Travaux sur cordes - Atis<\/title>\n<meta name=\"robots\" content=\"index, follow, max-snippet:-1, max-image-preview:large, max-video-preview:-1\" \/>\n<link rel=\"canonical\" href=\"https:\/\/interatis.eu\/en\/travaux-sur-cordes-2\/\" \/>\n<meta property=\"og:locale\" content=\"en_US\" \/>\n<meta property=\"og:type\" content=\"article\" \/>\n<meta property=\"og:title\" content=\"Travaux sur cordes - Atis\" \/>\n<meta property=\"og:description\" content=\"Travaux sur cordes Grande hauteur Nos services Utilisation des techniques de progression sur cordes suivant le standard IRATA International : \u2022 Travaux de maintenance et de peinture\u2022 Inspection visuelle\u2022 R\u00e9alisation de contr\u00f4le non destructif (CF-PT-MT-UT-ACFM) Nous contacter Nos cordistes Ma\u00eetriser les techniques et les pratiques de l\u2019activit\u00e9 de cordiste est fondamental pour mener \u00e0 bien [&hellip;]\" \/>\n<meta property=\"og:url\" content=\"https:\/\/interatis.eu\/en\/travaux-sur-cordes-2\/\" \/>\n<meta property=\"og:site_name\" content=\"Atis\" \/>\n<meta property=\"article:modified_time\" content=\"2025-06-05T14:12:53+00:00\" \/>\n<meta property=\"og:image\" content=\"https:\/\/interatis.eu\/wp-content\/uploads\/2023\/10\/AdobeStock_445488281-scaled.jpeg\" \/>\n\t<meta property=\"og:image:width\" content=\"2560\" \/>\n\t<meta property=\"og:image:height\" content=\"1707\" \/>\n\t<meta property=\"og:image:type\" content=\"image\/jpeg\" \/>\n<meta name=\"twitter:card\" content=\"summary_large_image\" \/>\n<meta name=\"twitter:label1\" content=\"Est. reading time\" \/>\n\t<meta name=\"twitter:data1\" content=\"1 minute\" \/>\n<script type=\"application\/ld+json\" class=\"yoast-schema-graph\">{\"@context\":\"https:\\\/\\\/schema.org\",\"@graph\":[{\"@type\":\"WebPage\",\"@id\":\"https:\\\/\\\/interatis.eu\\\/travaux-sur-cordes-2\\\/\",\"url\":\"https:\\\/\\\/interatis.eu\\\/travaux-sur-cordes-2\\\/\",\"name\":\"Travaux sur cordes - Atis\",\"isPartOf\":{\"@id\":\"https:\\\/\\\/interatis.eu\\\/#website\"},\"primaryImageOfPage\":{\"@id\":\"https:\\\/\\\/interatis.eu\\\/travaux-sur-cordes-2\\\/#primaryimage\"},\"image\":{\"@id\":\"https:\\\/\\\/interatis.eu\\\/travaux-sur-cordes-2\\\/#primaryimage\"},\"thumbnailUrl\":\"https:\\\/\\\/interatis.eu\\\/wp-content\\\/uploads\\\/2023\\\/10\\\/AdobeStock_445488281-2048x1365.jpeg\",\"datePublished\":\"2023-11-03T13:19:30+00:00\",\"dateModified\":\"2025-06-05T14:12:53+00:00\",\"breadcrumb\":{\"@id\":\"https:\\\/\\\/interatis.eu\\\/travaux-sur-cordes-2\\\/#breadcrumb\"},\"inLanguage\":\"en-US\",\"potentialAction\":[{\"@type\":\"ReadAction\",\"target\":[\"https:\\\/\\\/interatis.eu\\\/travaux-sur-cordes-2\\\/\"]}]},{\"@type\":\"ImageObject\",\"inLanguage\":\"en-US\",\"@id\":\"https:\\\/\\\/interatis.eu\\\/travaux-sur-cordes-2\\\/#primaryimage\",\"url\":\"https:\\\/\\\/interatis.eu\\\/wp-content\\\/uploads\\\/2023\\\/10\\\/AdobeStock_445488281-2048x1365.jpeg\",\"contentUrl\":\"https:\\\/\\\/interatis.eu\\\/wp-content\\\/uploads\\\/2023\\\/10\\\/AdobeStock_445488281-2048x1365.jpeg\"},{\"@type\":\"BreadcrumbList\",\"@id\":\"https:\\\/\\\/interatis.eu\\\/travaux-sur-cordes-2\\\/#breadcrumb\",\"itemListElement\":[{\"@type\":\"ListItem\",\"position\":1,\"name\":\"Accueil\",\"item\":\"https:\\\/\\\/interatis.eu\\\/\"},{\"@type\":\"ListItem\",\"position\":2,\"name\":\"Travaux sur cordes\"}]},{\"@type\":\"WebSite\",\"@id\":\"https:\\\/\\\/interatis.eu\\\/#website\",\"url\":\"https:\\\/\\\/interatis.eu\\\/\",\"name\":\"Atis\",\"description\":\"Formations GWO - Travail en hauteur - IRATA - CQP Cordiste\",\"publisher\":{\"@id\":\"https:\\\/\\\/interatis.eu\\\/#organization\"},\"potentialAction\":[{\"@type\":\"SearchAction\",\"target\":{\"@type\":\"EntryPoint\",\"urlTemplate\":\"https:\\\/\\\/interatis.eu\\\/?s={search_term_string}\"},\"query-input\":{\"@type\":\"PropertyValueSpecification\",\"valueRequired\":true,\"valueName\":\"search_term_string\"}}],\"inLanguage\":\"en-US\"},{\"@type\":\"Organization\",\"@id\":\"https:\\\/\\\/interatis.eu\\\/#organization\",\"name\":\"Atis\",\"url\":\"https:\\\/\\\/interatis.eu\\\/\",\"logo\":{\"@type\":\"ImageObject\",\"inLanguage\":\"en-US\",\"@id\":\"https:\\\/\\\/interatis.eu\\\/#\\\/schema\\\/logo\\\/image\\\/\",\"url\":\"https:\\\/\\\/interatis.eu\\\/wp-content\\\/uploads\\\/2022\\\/10\\\/Atis.png\",\"contentUrl\":\"https:\\\/\\\/interatis.eu\\\/wp-content\\\/uploads\\\/2022\\\/10\\\/Atis.png\",\"width\":2362,\"height\":913,\"caption\":\"Atis\"},\"image\":{\"@id\":\"https:\\\/\\\/interatis.eu\\\/#\\\/schema\\\/logo\\\/image\\\/\"},\"sameAs\":[\"https:\\\/\\\/www.linkedin.com\\\/company\\\/atis-formations-irata\\\/\"]}]}<\/script>\n<!-- \/ Yoast SEO plugin. -->","yoast_head_json":{"title":"Travaux sur cordes - Atis","robots":{"index":"index","follow":"follow","max-snippet":"max-snippet:-1","max-image-preview":"max-image-preview:large","max-video-preview":"max-video-preview:-1"},"canonical":"https:\/\/interatis.eu\/en\/travaux-sur-cordes-2\/","og_locale":"en_US","og_type":"article","og_title":"Travaux sur cordes - Atis","og_description":"Travaux sur cordes Grande hauteur Nos services Utilisation des techniques de progression sur cordes suivant le standard IRATA International : \u2022 Travaux de maintenance et de peinture\u2022 Inspection visuelle\u2022 R\u00e9alisation de contr\u00f4le non destructif (CF-PT-MT-UT-ACFM) Nous contacter Nos cordistes Ma\u00eetriser les techniques et les pratiques de l\u2019activit\u00e9 de cordiste est fondamental pour mener \u00e0 bien [&hellip;]","og_url":"https:\/\/interatis.eu\/en\/travaux-sur-cordes-2\/","og_site_name":"Atis","article_modified_time":"2025-06-05T14:12:53+00:00","og_image":[{"width":2560,"height":1707,"url":"https:\/\/interatis.eu\/wp-content\/uploads\/2023\/10\/AdobeStock_445488281-scaled.jpeg","type":"image\/jpeg"}],"twitter_card":"summary_large_image","twitter_misc":{"Est. reading time":"1 minute"},"schema":{"@context":"https:\/\/schema.org","@graph":[{"@type":"WebPage","@id":"https:\/\/interatis.eu\/travaux-sur-cordes-2\/","url":"https:\/\/interatis.eu\/travaux-sur-cordes-2\/","name":"Travaux sur cordes - Atis","isPartOf":{"@id":"https:\/\/interatis.eu\/#website"},"primaryImageOfPage":{"@id":"https:\/\/interatis.eu\/travaux-sur-cordes-2\/#primaryimage"},"image":{"@id":"https:\/\/interatis.eu\/travaux-sur-cordes-2\/#primaryimage"},"thumbnailUrl":"https:\/\/interatis.eu\/wp-content\/uploads\/2023\/10\/AdobeStock_445488281-2048x1365.jpeg","datePublished":"2023-11-03T13:19:30+00:00","dateModified":"2025-06-05T14:12:53+00:00","breadcrumb":{"@id":"https:\/\/interatis.eu\/travaux-sur-cordes-2\/#breadcrumb"},"inLanguage":"en-US","potentialAction":[{"@type":"ReadAction","target":["https:\/\/interatis.eu\/travaux-sur-cordes-2\/"]}]},{"@type":"ImageObject","inLanguage":"en-US","@id":"https:\/\/interatis.eu\/travaux-sur-cordes-2\/#primaryimage","url":"https:\/\/interatis.eu\/wp-content\/uploads\/2023\/10\/AdobeStock_445488281-2048x1365.jpeg","contentUrl":"https:\/\/interatis.eu\/wp-content\/uploads\/2023\/10\/AdobeStock_445488281-2048x1365.jpeg"},{"@type":"BreadcrumbList","@id":"https:\/\/interatis.eu\/travaux-sur-cordes-2\/#breadcrumb","itemListElement":[{"@type":"ListItem","position":1,"name":"Accueil","item":"https:\/\/interatis.eu\/"},{"@type":"ListItem","position":2,"name":"Travaux sur cordes"}]},{"@type":"WebSite","@id":"https:\/\/interatis.eu\/#website","url":"https:\/\/interatis.eu\/","name":"Atis","description":"GWO Training - Working at height - IRATA - CQP Cordiste","publisher":{"@id":"https:\/\/interatis.eu\/#organization"},"potentialAction":[{"@type":"SearchAction","target":{"@type":"EntryPoint","urlTemplate":"https:\/\/interatis.eu\/?s={search_term_string}"},"query-input":{"@type":"PropertyValueSpecification","valueRequired":true,"valueName":"search_term_string"}}],"inLanguage":"en-US"},{"@type":"Organization","@id":"https:\/\/interatis.eu\/#organization","name":"Atis","url":"https:\/\/interatis.eu\/","logo":{"@type":"ImageObject","inLanguage":"en-US","@id":"https:\/\/interatis.eu\/#\/schema\/logo\/image\/","url":"https:\/\/interatis.eu\/wp-content\/uploads\/2022\/10\/Atis.png","contentUrl":"https:\/\/interatis.eu\/wp-content\/uploads\/2022\/10\/Atis.png","width":2362,"height":913,"caption":"Atis"},"image":{"@id":"https:\/\/interatis.eu\/#\/schema\/logo\/image\/"},"sameAs":["https:\/\/www.linkedin.com\/company\/atis-formations-irata\/"]}]}},"_links":{"self":[{"href":"https:\/\/interatis.eu\/en\/wp-json\/wp\/v2\/pages\/2204","targetHints":{"allow":["GET"]}}],"collection":[{"href":"https:\/\/interatis.eu\/en\/wp-json\/wp\/v2\/pages"}],"about":[{"href":"https:\/\/interatis.eu\/en\/wp-json\/wp\/v2\/types\/page"}],"author":[{"embeddable":true,"href":"https:\/\/interatis.eu\/en\/wp-json\/wp\/v2\/users\/2"}],"replies":[{"embeddable":true,"href":"https:\/\/interatis.eu\/en\/wp-json\/wp\/v2\/comments?post=2204"}],"version-history":[{"count":43,"href":"https:\/\/interatis.eu\/en\/wp-json\/wp\/v2\/pages\/2204\/revisions"}],"predecessor-version":[{"id":3327,"href":"https:\/\/interatis.eu\/en\/wp-json\/wp\/v2\/pages\/2204\/revisions\/3327"}],"wp:attachment":[{"href":"https:\/\/interatis.eu\/en\/wp-json\/wp\/v2\/media?parent=2204"}],"curies":[{"name":"wp","href":"https:\/\/api.w.org\/{rel}","templated":true}]}}