{"id":1428,"date":"2022-10-26T09:34:18","date_gmt":"2022-10-26T07:34:18","guid":{"rendered":"https:\/\/interak.cluster027.hosting.ovh.net\/?page_id=1428"},"modified":"2025-04-01T16:43:24","modified_gmt":"2025-04-01T14:43:24","slug":"secteur-industrie","status":"publish","type":"page","link":"https:\/\/interatis.eu\/en\/secteur-industrie\/","title":{"rendered":"Industry Sector"},"content":{"rendered":"<div data-elementor-type=\"wp-page\" data-elementor-id=\"1428\" class=\"elementor elementor-1428\" data-elementor-post-type=\"page\">\n\t\t\t\t\t\t<section class=\"elementor-section elementor-top-section elementor-element elementor-element-6df5bd4 elementor-section-full_width elementor-section-height-default elementor-section-height-default\" data-id=\"6df5bd4\" data-element_type=\"section\" data-e-type=\"section\" data-settings=\"{&quot;background_background&quot;:&quot;classic&quot;}\">\n\t\t\t\t\t\t\t<div class=\"elementor-background-overlay\"><\/div>\n\t\t\t\t\t\t\t<div class=\"elementor-container elementor-column-gap-default\">\n\t\t\t\t\t<div class=\"elementor-column elementor-col-100 elementor-top-column elementor-element elementor-element-71f8080\" data-id=\"71f8080\" data-element_type=\"column\" data-e-type=\"column\">\n\t\t\t<div class=\"elementor-widget-wrap elementor-element-populated\">\n\t\t\t\t\t\t<div class=\"elementor-element elementor-element-6d38813 elementor-widget elementor-widget-heading\" data-id=\"6d38813\" data-element_type=\"widget\" data-e-type=\"widget\" data-widget_type=\"heading.default\">\n\t\t\t\t<div class=\"elementor-widget-container\">\n\t\t\t\t\t<span class=\"elementor-heading-title elementor-size-default\">Our sectors<\/span>\t\t\t\t<\/div>\n\t\t\t\t<\/div>\n\t\t\t\t<div class=\"elementor-element elementor-element-50cb5a7 elementor-widget elementor-widget-heading\" data-id=\"50cb5a7\" data-element_type=\"widget\" data-e-type=\"widget\" data-widget_type=\"heading.default\">\n\t\t\t\t<div class=\"elementor-widget-container\">\n\t\t\t\t\t<h1 class=\"elementor-heading-title elementor-size-default\">Industry<\/h1>\t\t\t\t<\/div>\n\t\t\t\t<\/div>\n\t\t\t\t\t<\/div>\n\t\t<\/div>\n\t\t\t\t\t<\/div>\n\t\t<\/section>\n\t\t\t\t<section class=\"elementor-section elementor-top-section elementor-element elementor-element-d02d128 elementor-section-boxed elementor-section-height-default elementor-section-height-default\" data-id=\"d02d128\" data-element_type=\"section\" data-e-type=\"section\">\n\t\t\t\t\t\t<div class=\"elementor-container elementor-column-gap-default\">\n\t\t\t\t\t<div class=\"elementor-column elementor-col-100 elementor-top-column elementor-element elementor-element-8f151d2\" data-id=\"8f151d2\" data-element_type=\"column\" data-e-type=\"column\">\n\t\t\t<div class=\"elementor-widget-wrap elementor-element-populated\">\n\t\t\t\t\t\t<div class=\"elementor-element elementor-element-3077b19 elementor-widget elementor-widget-spacer\" data-id=\"3077b19\" data-element_type=\"widget\" data-e-type=\"widget\" data-widget_type=\"spacer.default\">\n\t\t\t\t<div class=\"elementor-widget-container\">\n\t\t\t\t\t\t\t<div class=\"elementor-spacer\">\n\t\t\t<div class=\"elementor-spacer-inner\"><\/div>\n\t\t<\/div>\n\t\t\t\t\t\t<\/div>\n\t\t\t\t<\/div>\n\t\t\t\t\t<\/div>\n\t\t<\/div>\n\t\t\t\t\t<\/div>\n\t\t<\/section>\n\t\t\t\t<section class=\"elementor-section elementor-top-section elementor-element elementor-element-fbebb83 elementor-reverse-tablet elementor-reverse-mobile elementor-section-boxed elementor-section-height-default elementor-section-height-default\" data-id=\"fbebb83\" data-element_type=\"section\" data-e-type=\"section\">\n\t\t\t\t\t\t<div class=\"elementor-container elementor-column-gap-default\">\n\t\t\t\t\t<div class=\"elementor-column elementor-col-50 elementor-top-column elementor-element elementor-element-c402e0f\" data-id=\"c402e0f\" data-element_type=\"column\" data-e-type=\"column\">\n\t\t\t<div class=\"elementor-widget-wrap elementor-element-populated\">\n\t\t\t\t\t\t<section class=\"elementor-section elementor-inner-section elementor-element elementor-element-1f17d20 elementor-section-full_width elementor-section-height-default elementor-section-height-default\" data-id=\"1f17d20\" data-element_type=\"section\" data-e-type=\"section\">\n\t\t\t\t\t\t<div class=\"elementor-container elementor-column-gap-default\">\n\t\t\t\t\t<div class=\"elementor-column elementor-col-100 elementor-inner-column elementor-element elementor-element-e218ece\" data-id=\"e218ece\" data-element_type=\"column\" data-e-type=\"column\">\n\t\t\t<div class=\"elementor-widget-wrap elementor-element-populated\">\n\t\t\t\t\t\t<div class=\"elementor-element elementor-element-b50d025 elementor-widget elementor-widget-heading\" data-id=\"b50d025\" data-element_type=\"widget\" data-e-type=\"widget\" data-widget_type=\"heading.default\">\n\t\t\t\t<div class=\"elementor-widget-container\">\n\t\t\t\t\t<h2 class=\"elementor-heading-title elementor-size-default\">Improve your production and minimize risks<\/h2>\t\t\t\t<\/div>\n\t\t\t\t<\/div>\n\t\t\t\t<div class=\"elementor-element elementor-element-6d03116 elementor-widget-divider--view-line elementor-widget elementor-widget-divider\" data-id=\"6d03116\" data-element_type=\"widget\" data-e-type=\"widget\" data-widget_type=\"divider.default\">\n\t\t\t\t<div class=\"elementor-widget-container\">\n\t\t\t\t\t\t\t<div class=\"elementor-divider\">\n\t\t\t<span class=\"elementor-divider-separator\">\n\t\t\t\t\t\t<\/span>\n\t\t<\/div>\n\t\t\t\t\t\t<\/div>\n\t\t\t\t<\/div>\n\t\t\t\t<div class=\"elementor-element elementor-element-8ed961a elementor-widget elementor-widget-text-editor\" data-id=\"8ed961a\" data-element_type=\"widget\" data-e-type=\"widget\" data-widget_type=\"text-editor.default\">\n\t\t\t\t<div class=\"elementor-widget-container\">\n\t\t\t\t\t\t\t\t\t<p>Inspection and rope access play a crucial role in the industrial sector, providing significant benefits in terms of operational efficiency, safety and costs.<\/p><p><br><\/p>\n<p>These methods make it possible to reach hard-to-reach areas, such as overhead structures or complex equipment, without requiring costly scaffolding or extended production downtime.<\/p><p><br><\/p>\n<p>Using rope inspection techniques allows professionals to quickly identify potential issues, assess equipment condition, and implement corrective actions quickly and accurately<\/p>\t\t\t\t\t\t\t\t<\/div>\n\t\t\t\t<\/div>\n\t\t\t\t\t<\/div>\n\t\t<\/div>\n\t\t\t\t\t<\/div>\n\t\t<\/section>\n\t\t\t\t\t<\/div>\n\t\t<\/div>\n\t\t\t\t<div class=\"elementor-column elementor-col-50 elementor-top-column elementor-element elementor-element-47f8d24\" data-id=\"47f8d24\" data-element_type=\"column\" data-e-type=\"column\" data-settings=\"{&quot;background_background&quot;:&quot;classic&quot;}\">\n\t\t\t<div class=\"elementor-widget-wrap elementor-element-populated\">\n\t\t\t\t\t\t<div class=\"elementor-element elementor-element-3df74d6 elementor-widget elementor-widget-spacer\" data-id=\"3df74d6\" data-element_type=\"widget\" data-e-type=\"widget\" data-widget_type=\"spacer.default\">\n\t\t\t\t<div class=\"elementor-widget-container\">\n\t\t\t\t\t\t\t<div class=\"elementor-spacer\">\n\t\t\t<div class=\"elementor-spacer-inner\"><\/div>\n\t\t<\/div>\n\t\t\t\t\t\t<\/div>\n\t\t\t\t<\/div>\n\t\t\t\t\t<\/div>\n\t\t<\/div>\n\t\t\t\t\t<\/div>\n\t\t<\/section>\n\t\t\t\t<section class=\"elementor-section elementor-top-section elementor-element elementor-element-29b8e6a elementor-section-full_width elementor-section-height-default elementor-section-height-default\" data-id=\"29b8e6a\" data-element_type=\"section\" data-e-type=\"section\">\n\t\t\t\t\t\t<div class=\"elementor-container elementor-column-gap-wide\">\n\t\t\t\t\t<div class=\"elementor-column elementor-col-100 elementor-top-column elementor-element elementor-element-3415e94\" data-id=\"3415e94\" data-element_type=\"column\" data-e-type=\"column\">\n\t\t\t<div class=\"elementor-widget-wrap elementor-element-populated\">\n\t\t\t\t\t\t<div class=\"elementor-element elementor-element-ddeafa8 elementor-widget elementor-widget-heading\" data-id=\"ddeafa8\" data-element_type=\"widget\" data-e-type=\"widget\" data-widget_type=\"heading.default\">\n\t\t\t\t<div class=\"elementor-widget-container\">\n\t\t\t\t\t<h2 class=\"elementor-heading-title elementor-size-default\">Our sectors of activity<\/h2>\t\t\t\t<\/div>\n\t\t\t\t<\/div>\n\t\t\t\t<div class=\"elementor-element elementor-element-841eed0 elementor-widget-divider--view-line elementor-widget elementor-widget-divider\" data-id=\"841eed0\" data-element_type=\"widget\" data-e-type=\"widget\" data-widget_type=\"divider.default\">\n\t\t\t\t<div class=\"elementor-widget-container\">\n\t\t\t\t\t\t\t<div class=\"elementor-divider\">\n\t\t\t<span class=\"elementor-divider-separator\">\n\t\t\t\t\t\t<\/span>\n\t\t<\/div>\n\t\t\t\t\t\t<\/div>\n\t\t\t\t<\/div>\n\t\t\t\t<div class=\"elementor-element elementor-element-63c709d elementor-widget elementor-widget-spacer\" data-id=\"63c709d\" data-element_type=\"widget\" data-e-type=\"widget\" data-widget_type=\"spacer.default\">\n\t\t\t\t<div class=\"elementor-widget-container\">\n\t\t\t\t\t\t\t<div class=\"elementor-spacer\">\n\t\t\t<div class=\"elementor-spacer-inner\"><\/div>\n\t\t<\/div>\n\t\t\t\t\t\t<\/div>\n\t\t\t\t<\/div>\n\t\t\t\t<section class=\"elementor-section elementor-inner-section elementor-element elementor-element-62867f5 elementor-section-height-min-height elementor-section-boxed elementor-section-height-default elementor-invisible\" data-id=\"62867f5\" data-element_type=\"section\" data-e-type=\"section\" data-settings=\"{&quot;animation&quot;:&quot;fadeInRight&quot;}\">\n\t\t\t\t\t\t<div class=\"elementor-container elementor-column-gap-default\">\n\t\t\t\t\t<div class=\"elementor-column elementor-col-25 elementor-inner-column elementor-element elementor-element-1b5523c\" data-id=\"1b5523c\" data-element_type=\"column\" data-e-type=\"column\" data-settings=\"{&quot;background_background&quot;:&quot;classic&quot;}\">\n\t\t\t<div class=\"elementor-widget-wrap elementor-element-populated\">\n\t\t\t\t\t<div class=\"elementor-background-overlay\"><\/div>\n\t\t\t\t\t\t<div class=\"elementor-element elementor-element-e20e014 elementor-widget elementor-widget-heading\" data-id=\"e20e014\" data-element_type=\"widget\" data-e-type=\"widget\" data-widget_type=\"heading.default\">\n\t\t\t\t<div class=\"elementor-widget-container\">\n\t\t\t\t\t<h3 class=\"elementor-heading-title elementor-size-default\">Nuclear<\/h3>\t\t\t\t<\/div>\n\t\t\t\t<\/div>\n\t\t\t\t<div class=\"elementor-element elementor-element-ab01fdf elementor-align-left elementor-mobile-align-justify elementor-widget elementor-widget-button\" data-id=\"ab01fdf\" data-element_type=\"widget\" data-e-type=\"widget\" data-widget_type=\"button.default\">\n\t\t\t\t<div class=\"elementor-widget-container\">\n\t\t\t\t\t\t\t\t\t<div class=\"elementor-button-wrapper\">\n\t\t\t\t\t<a class=\"elementor-button elementor-button-link elementor-size-sm\" href=\"https:\/\/interatis.eu\/en\/secteur-nucleaire\/\">\n\t\t\t\t\t\t<span class=\"elementor-button-content-wrapper\">\n\t\t\t\t\t\t<span class=\"elementor-button-icon\">\n\t\t\t\t<svg xmlns=\"http:\/\/www.w3.org\/2000\/svg\" width=\"51\" height=\"16\" viewbox=\"0 0 51 16\" fill=\"none\"><path d=\"M50.7071 8.7071C51.0976 8.31658 51.0976 7.68341 50.7071 7.29289L44.3431 0.928928C43.9526 0.538404 43.3195 0.538404 42.9289 0.928928C42.5384 1.31945 42.5384 1.95262 42.9289 2.34314L48.5858 8L42.9289 13.6569C42.5384 14.0474 42.5384 14.6805 42.9289 15.0711C43.3195 15.4616 43.9526 15.4616 44.3431 15.0711L50.7071 8.7071ZM8.74228e-08 9L50 9L50 7L-8.74228e-08 7L8.74228e-08 9Z\" fill=\"white\"><\/path><\/svg>\t\t\t<\/span>\n\t\t\t\t\t\t\t\t\t<span class=\"elementor-button-text\">Learn more<\/span>\n\t\t\t\t\t<\/span>\n\t\t\t\t\t<\/a>\n\t\t\t\t<\/div>\n\t\t\t\t\t\t\t\t<\/div>\n\t\t\t\t<\/div>\n\t\t\t\t\t<\/div>\n\t\t<\/div>\n\t\t\t\t<div class=\"elementor-column elementor-col-25 elementor-inner-column elementor-element elementor-element-aef0b38\" data-id=\"aef0b38\" data-element_type=\"column\" data-e-type=\"column\" data-settings=\"{&quot;background_background&quot;:&quot;classic&quot;}\">\n\t\t\t<div class=\"elementor-widget-wrap elementor-element-populated\">\n\t\t\t\t\t<div class=\"elementor-background-overlay\"><\/div>\n\t\t\t\t\t\t<div class=\"elementor-element elementor-element-0207421 elementor-widget elementor-widget-heading\" data-id=\"0207421\" data-element_type=\"widget\" data-e-type=\"widget\" data-widget_type=\"heading.default\">\n\t\t\t\t<div class=\"elementor-widget-container\">\n\t\t\t\t\t<h3 class=\"elementor-heading-title elementor-size-default\">Renewable Energy<\/h3>\t\t\t\t<\/div>\n\t\t\t\t<\/div>\n\t\t\t\t<div class=\"elementor-element elementor-element-941f6b3 elementor-align-left elementor-mobile-align-justify elementor-widget elementor-widget-button\" data-id=\"941f6b3\" data-element_type=\"widget\" data-e-type=\"widget\" data-widget_type=\"button.default\">\n\t\t\t\t<div class=\"elementor-widget-container\">\n\t\t\t\t\t\t\t\t\t<div class=\"elementor-button-wrapper\">\n\t\t\t\t\t<a class=\"elementor-button elementor-button-link elementor-size-sm\" href=\"https:\/\/interatis.eu\/en\/secteur-energie-renouvelable\/\">\n\t\t\t\t\t\t<span class=\"elementor-button-content-wrapper\">\n\t\t\t\t\t\t<span class=\"elementor-button-icon\">\n\t\t\t\t<svg xmlns=\"http:\/\/www.w3.org\/2000\/svg\" width=\"51\" height=\"16\" viewbox=\"0 0 51 16\" fill=\"none\"><path d=\"M50.7071 8.7071C51.0976 8.31658 51.0976 7.68341 50.7071 7.29289L44.3431 0.928928C43.9526 0.538404 43.3195 0.538404 42.9289 0.928928C42.5384 1.31945 42.5384 1.95262 42.9289 2.34314L48.5858 8L42.9289 13.6569C42.5384 14.0474 42.5384 14.6805 42.9289 15.0711C43.3195 15.4616 43.9526 15.4616 44.3431 15.0711L50.7071 8.7071ZM8.74228e-08 9L50 9L50 7L-8.74228e-08 7L8.74228e-08 9Z\" fill=\"white\"><\/path><\/svg>\t\t\t<\/span>\n\t\t\t\t\t\t\t\t\t<span class=\"elementor-button-text\">Learn more<\/span>\n\t\t\t\t\t<\/span>\n\t\t\t\t\t<\/a>\n\t\t\t\t<\/div>\n\t\t\t\t\t\t\t\t<\/div>\n\t\t\t\t<\/div>\n\t\t\t\t\t<\/div>\n\t\t<\/div>\n\t\t\t\t<div class=\"elementor-column elementor-col-25 elementor-inner-column elementor-element elementor-element-5ff2314\" data-id=\"5ff2314\" data-element_type=\"column\" data-e-type=\"column\" data-settings=\"{&quot;background_background&quot;:&quot;classic&quot;}\">\n\t\t\t<div class=\"elementor-widget-wrap elementor-element-populated\">\n\t\t\t\t\t<div class=\"elementor-background-overlay\"><\/div>\n\t\t\t\t\t\t<div class=\"elementor-element elementor-element-6c757ce elementor-widget elementor-widget-heading\" data-id=\"6c757ce\" data-element_type=\"widget\" data-e-type=\"widget\" data-widget_type=\"heading.default\">\n\t\t\t\t<div class=\"elementor-widget-container\">\n\t\t\t\t\t<h3 class=\"elementor-heading-title elementor-size-default\">Work of Art<\/h3>\t\t\t\t<\/div>\n\t\t\t\t<\/div>\n\t\t\t\t<div class=\"elementor-element elementor-element-755cc5d elementor-align-left elementor-mobile-align-justify elementor-widget elementor-widget-button\" data-id=\"755cc5d\" data-element_type=\"widget\" data-e-type=\"widget\" data-widget_type=\"button.default\">\n\t\t\t\t<div class=\"elementor-widget-container\">\n\t\t\t\t\t\t\t\t\t<div class=\"elementor-button-wrapper\">\n\t\t\t\t\t<a class=\"elementor-button elementor-button-link elementor-size-sm\" href=\"https:\/\/interatis.eu\/en\/secteur-ouvrage-dart\/\">\n\t\t\t\t\t\t<span class=\"elementor-button-content-wrapper\">\n\t\t\t\t\t\t<span class=\"elementor-button-icon\">\n\t\t\t\t<svg xmlns=\"http:\/\/www.w3.org\/2000\/svg\" width=\"51\" height=\"16\" viewbox=\"0 0 51 16\" fill=\"none\"><path d=\"M50.7071 8.7071C51.0976 8.31658 51.0976 7.68341 50.7071 7.29289L44.3431 0.928928C43.9526 0.538404 43.3195 0.538404 42.9289 0.928928C42.5384 1.31945 42.5384 1.95262 42.9289 2.34314L48.5858 8L42.9289 13.6569C42.5384 14.0474 42.5384 14.6805 42.9289 15.0711C43.3195 15.4616 43.9526 15.4616 44.3431 15.0711L50.7071 8.7071ZM8.74228e-08 9L50 9L50 7L-8.74228e-08 7L8.74228e-08 9Z\" fill=\"white\"><\/path><\/svg>\t\t\t<\/span>\n\t\t\t\t\t\t\t\t\t<span class=\"elementor-button-text\">Learn more<\/span>\n\t\t\t\t\t<\/span>\n\t\t\t\t\t<\/a>\n\t\t\t\t<\/div>\n\t\t\t\t\t\t\t\t<\/div>\n\t\t\t\t<\/div>\n\t\t\t\t\t<\/div>\n\t\t<\/div>\n\t\t\t\t<div class=\"elementor-column elementor-col-25 elementor-inner-column elementor-element elementor-element-7afdff2\" data-id=\"7afdff2\" data-element_type=\"column\" data-e-type=\"column\" data-settings=\"{&quot;background_background&quot;:&quot;classic&quot;}\">\n\t\t\t<div class=\"elementor-widget-wrap elementor-element-populated\">\n\t\t\t\t\t<div class=\"elementor-background-overlay\"><\/div>\n\t\t\t\t\t\t<div class=\"elementor-element elementor-element-f35f6f5 elementor-widget elementor-widget-heading\" data-id=\"f35f6f5\" data-element_type=\"widget\" data-e-type=\"widget\" data-widget_type=\"heading.default\">\n\t\t\t\t<div class=\"elementor-widget-container\">\n\t\t\t\t\t<h3 class=\"elementor-heading-title elementor-size-default\">Industry<\/h3>\t\t\t\t<\/div>\n\t\t\t\t<\/div>\n\t\t\t\t<div class=\"elementor-element elementor-element-c95520d elementor-align-left elementor-mobile-align-justify elementor-widget elementor-widget-button\" data-id=\"c95520d\" data-element_type=\"widget\" data-e-type=\"widget\" data-widget_type=\"button.default\">\n\t\t\t\t<div class=\"elementor-widget-container\">\n\t\t\t\t\t\t\t\t\t<div class=\"elementor-button-wrapper\">\n\t\t\t\t\t<a class=\"elementor-button elementor-button-link elementor-size-sm\" href=\"https:\/\/interatis.eu\/en\/secteur-industrie\/\">\n\t\t\t\t\t\t<span class=\"elementor-button-content-wrapper\">\n\t\t\t\t\t\t<span class=\"elementor-button-icon\">\n\t\t\t\t<svg xmlns=\"http:\/\/www.w3.org\/2000\/svg\" width=\"51\" height=\"16\" viewbox=\"0 0 51 16\" fill=\"none\"><path d=\"M50.7071 8.7071C51.0976 8.31658 51.0976 7.68341 50.7071 7.29289L44.3431 0.928928C43.9526 0.538404 43.3195 0.538404 42.9289 0.928928C42.5384 1.31945 42.5384 1.95262 42.9289 2.34314L48.5858 8L42.9289 13.6569C42.5384 14.0474 42.5384 14.6805 42.9289 15.0711C43.3195 15.4616 43.9526 15.4616 44.3431 15.0711L50.7071 8.7071ZM8.74228e-08 9L50 9L50 7L-8.74228e-08 7L8.74228e-08 9Z\" fill=\"white\"><\/path><\/svg>\t\t\t<\/span>\n\t\t\t\t\t\t\t\t\t<span class=\"elementor-button-text\">Learn more<\/span>\n\t\t\t\t\t<\/span>\n\t\t\t\t\t<\/a>\n\t\t\t\t<\/div>\n\t\t\t\t\t\t\t\t<\/div>\n\t\t\t\t<\/div>\n\t\t\t\t\t<\/div>\n\t\t<\/div>\n\t\t\t\t\t<\/div>\n\t\t<\/section>\n\t\t\t\t\t<\/div>\n\t\t<\/div>\n\t\t\t\t\t<\/div>\n\t\t<\/section>\n\t\t\t\t<\/div>","protected":false},"excerpt":{"rendered":"<p>Nos secteurs Industrie Am\u00e9liorez votre production et minimisez les risques L&rsquo;inspection et les acc\u00e8s par cordes jouent un r\u00f4le crucial dans le secteur de l&rsquo;industrie, offrant des avantages significatifs en termes d&rsquo;efficacit\u00e9 op\u00e9rationnelle, de s\u00e9curit\u00e9 et de co\u00fbts. Ces m\u00e9thodes permettent d&rsquo;atteindre des zones difficiles d&rsquo;acc\u00e8s, telles que les structures en hauteur ou les \u00e9quipements [&hellip;]<\/p>\n","protected":false},"author":1,"featured_media":0,"parent":0,"menu_order":0,"comment_status":"closed","ping_status":"closed","template":"","meta":{"_acf_changed":false,"footnotes":""},"class_list":["post-1428","page","type-page","status-publish","hentry"],"acf":[],"yoast_head":"<!-- This site is optimized with the Yoast SEO plugin v27.3 - https:\/\/yoast.com\/product\/yoast-seo-wordpress\/ -->\n<title>Secteur Industrie - Atis<\/title>\n<meta name=\"robots\" content=\"index, follow, max-snippet:-1, max-image-preview:large, max-video-preview:-1\" \/>\n<link rel=\"canonical\" href=\"https:\/\/interatis.eu\/en\/secteur-industrie\/\" \/>\n<meta property=\"og:locale\" content=\"en_US\" \/>\n<meta property=\"og:type\" content=\"article\" \/>\n<meta property=\"og:title\" content=\"Secteur Industrie - Atis\" \/>\n<meta property=\"og:description\" content=\"Nos secteurs Industrie Am\u00e9liorez votre production et minimisez les risques L&rsquo;inspection et les acc\u00e8s par cordes jouent un r\u00f4le crucial dans le secteur de l&rsquo;industrie, offrant des avantages significatifs en termes d&rsquo;efficacit\u00e9 op\u00e9rationnelle, de s\u00e9curit\u00e9 et de co\u00fbts. Ces m\u00e9thodes permettent d&rsquo;atteindre des zones difficiles d&rsquo;acc\u00e8s, telles que les structures en hauteur ou les \u00e9quipements [&hellip;]\" \/>\n<meta property=\"og:url\" content=\"https:\/\/interatis.eu\/en\/secteur-industrie\/\" \/>\n<meta property=\"og:site_name\" content=\"Atis\" \/>\n<meta property=\"article:modified_time\" content=\"2025-04-01T14:43:24+00:00\" \/>\n<meta name=\"twitter:card\" content=\"summary_large_image\" \/>\n<meta name=\"twitter:label1\" content=\"Est. reading time\" \/>\n\t<meta name=\"twitter:data1\" content=\"1 minute\" \/>\n<script type=\"application\/ld+json\" class=\"yoast-schema-graph\">{\"@context\":\"https:\\\/\\\/schema.org\",\"@graph\":[{\"@type\":\"WebPage\",\"@id\":\"https:\\\/\\\/interatis.eu\\\/secteur-industrie\\\/\",\"url\":\"https:\\\/\\\/interatis.eu\\\/secteur-industrie\\\/\",\"name\":\"Secteur Industrie - Atis\",\"isPartOf\":{\"@id\":\"https:\\\/\\\/interatis.eu\\\/#website\"},\"datePublished\":\"2022-10-26T07:34:18+00:00\",\"dateModified\":\"2025-04-01T14:43:24+00:00\",\"breadcrumb\":{\"@id\":\"https:\\\/\\\/interatis.eu\\\/secteur-industrie\\\/#breadcrumb\"},\"inLanguage\":\"en-US\",\"potentialAction\":[{\"@type\":\"ReadAction\",\"target\":[\"https:\\\/\\\/interatis.eu\\\/secteur-industrie\\\/\"]}]},{\"@type\":\"BreadcrumbList\",\"@id\":\"https:\\\/\\\/interatis.eu\\\/secteur-industrie\\\/#breadcrumb\",\"itemListElement\":[{\"@type\":\"ListItem\",\"position\":1,\"name\":\"Accueil\",\"item\":\"https:\\\/\\\/interatis.eu\\\/\"},{\"@type\":\"ListItem\",\"position\":2,\"name\":\"Secteur Industrie\"}]},{\"@type\":\"WebSite\",\"@id\":\"https:\\\/\\\/interatis.eu\\\/#website\",\"url\":\"https:\\\/\\\/interatis.eu\\\/\",\"name\":\"Atis\",\"description\":\"Formations GWO - Travail en hauteur - IRATA - CQP Cordiste\",\"publisher\":{\"@id\":\"https:\\\/\\\/interatis.eu\\\/#organization\"},\"potentialAction\":[{\"@type\":\"SearchAction\",\"target\":{\"@type\":\"EntryPoint\",\"urlTemplate\":\"https:\\\/\\\/interatis.eu\\\/?s={search_term_string}\"},\"query-input\":{\"@type\":\"PropertyValueSpecification\",\"valueRequired\":true,\"valueName\":\"search_term_string\"}}],\"inLanguage\":\"en-US\"},{\"@type\":\"Organization\",\"@id\":\"https:\\\/\\\/interatis.eu\\\/#organization\",\"name\":\"Atis\",\"url\":\"https:\\\/\\\/interatis.eu\\\/\",\"logo\":{\"@type\":\"ImageObject\",\"inLanguage\":\"en-US\",\"@id\":\"https:\\\/\\\/interatis.eu\\\/#\\\/schema\\\/logo\\\/image\\\/\",\"url\":\"https:\\\/\\\/interatis.eu\\\/wp-content\\\/uploads\\\/2022\\\/10\\\/Atis.png\",\"contentUrl\":\"https:\\\/\\\/interatis.eu\\\/wp-content\\\/uploads\\\/2022\\\/10\\\/Atis.png\",\"width\":2362,\"height\":913,\"caption\":\"Atis\"},\"image\":{\"@id\":\"https:\\\/\\\/interatis.eu\\\/#\\\/schema\\\/logo\\\/image\\\/\"},\"sameAs\":[\"https:\\\/\\\/www.linkedin.com\\\/company\\\/atis-formations-irata\\\/\"]}]}<\/script>\n<!-- \/ Yoast SEO plugin. -->","yoast_head_json":{"title":"Secteur Industrie - Atis","robots":{"index":"index","follow":"follow","max-snippet":"max-snippet:-1","max-image-preview":"max-image-preview:large","max-video-preview":"max-video-preview:-1"},"canonical":"https:\/\/interatis.eu\/en\/secteur-industrie\/","og_locale":"en_US","og_type":"article","og_title":"Secteur Industrie - Atis","og_description":"Nos secteurs Industrie Am\u00e9liorez votre production et minimisez les risques L&rsquo;inspection et les acc\u00e8s par cordes jouent un r\u00f4le crucial dans le secteur de l&rsquo;industrie, offrant des avantages significatifs en termes d&rsquo;efficacit\u00e9 op\u00e9rationnelle, de s\u00e9curit\u00e9 et de co\u00fbts. Ces m\u00e9thodes permettent d&rsquo;atteindre des zones difficiles d&rsquo;acc\u00e8s, telles que les structures en hauteur ou les \u00e9quipements [&hellip;]","og_url":"https:\/\/interatis.eu\/en\/secteur-industrie\/","og_site_name":"Atis","article_modified_time":"2025-04-01T14:43:24+00:00","twitter_card":"summary_large_image","twitter_misc":{"Est. reading time":"1 minute"},"schema":{"@context":"https:\/\/schema.org","@graph":[{"@type":"WebPage","@id":"https:\/\/interatis.eu\/secteur-industrie\/","url":"https:\/\/interatis.eu\/secteur-industrie\/","name":"Secteur Industrie - Atis","isPartOf":{"@id":"https:\/\/interatis.eu\/#website"},"datePublished":"2022-10-26T07:34:18+00:00","dateModified":"2025-04-01T14:43:24+00:00","breadcrumb":{"@id":"https:\/\/interatis.eu\/secteur-industrie\/#breadcrumb"},"inLanguage":"en-US","potentialAction":[{"@type":"ReadAction","target":["https:\/\/interatis.eu\/secteur-industrie\/"]}]},{"@type":"BreadcrumbList","@id":"https:\/\/interatis.eu\/secteur-industrie\/#breadcrumb","itemListElement":[{"@type":"ListItem","position":1,"name":"Accueil","item":"https:\/\/interatis.eu\/"},{"@type":"ListItem","position":2,"name":"Secteur Industrie"}]},{"@type":"WebSite","@id":"https:\/\/interatis.eu\/#website","url":"https:\/\/interatis.eu\/","name":"Atis","description":"GWO Training - Working at height - IRATA - CQP Cordiste","publisher":{"@id":"https:\/\/interatis.eu\/#organization"},"potentialAction":[{"@type":"SearchAction","target":{"@type":"EntryPoint","urlTemplate":"https:\/\/interatis.eu\/?s={search_term_string}"},"query-input":{"@type":"PropertyValueSpecification","valueRequired":true,"valueName":"search_term_string"}}],"inLanguage":"en-US"},{"@type":"Organization","@id":"https:\/\/interatis.eu\/#organization","name":"Atis","url":"https:\/\/interatis.eu\/","logo":{"@type":"ImageObject","inLanguage":"en-US","@id":"https:\/\/interatis.eu\/#\/schema\/logo\/image\/","url":"https:\/\/interatis.eu\/wp-content\/uploads\/2022\/10\/Atis.png","contentUrl":"https:\/\/interatis.eu\/wp-content\/uploads\/2022\/10\/Atis.png","width":2362,"height":913,"caption":"Atis"},"image":{"@id":"https:\/\/interatis.eu\/#\/schema\/logo\/image\/"},"sameAs":["https:\/\/www.linkedin.com\/company\/atis-formations-irata\/"]}]}},"_links":{"self":[{"href":"https:\/\/interatis.eu\/en\/wp-json\/wp\/v2\/pages\/1428","targetHints":{"allow":["GET"]}}],"collection":[{"href":"https:\/\/interatis.eu\/en\/wp-json\/wp\/v2\/pages"}],"about":[{"href":"https:\/\/interatis.eu\/en\/wp-json\/wp\/v2\/types\/page"}],"author":[{"embeddable":true,"href":"https:\/\/interatis.eu\/en\/wp-json\/wp\/v2\/users\/1"}],"replies":[{"embeddable":true,"href":"https:\/\/interatis.eu\/en\/wp-json\/wp\/v2\/comments?post=1428"}],"version-history":[{"count":37,"href":"https:\/\/interatis.eu\/en\/wp-json\/wp\/v2\/pages\/1428\/revisions"}],"predecessor-version":[{"id":3187,"href":"https:\/\/interatis.eu\/en\/wp-json\/wp\/v2\/pages\/1428\/revisions\/3187"}],"wp:attachment":[{"href":"https:\/\/interatis.eu\/en\/wp-json\/wp\/v2\/media?parent=1428"}],"curies":[{"name":"wp","href":"https:\/\/api.w.org\/{rel}","templated":true}]}}